{"id":613,"date":"2025-12-10T22:12:12","date_gmt":"2025-12-11T01:12:12","guid":{"rendered":"http:\/\/agustinmiguez.com\/?page_id=613"},"modified":"2025-12-10T23:27:22","modified_gmt":"2025-12-11T02:27:22","slug":"bio","status":"publish","type":"page","link":"https:\/\/agustinmiguez.com\/en\/bio\/","title":{"rendered":"Bio"},"content":{"rendered":"<div class=\"wp-block-group has-global-padding is-layout-constrained wp-container-core-group-is-layout-77526def wp-block-group-is-layout-constrained\" style=\"padding-top:var(--wp--preset--spacing--30)\">\n<p class=\"has-text-align-center has-x-large-font-size\" style=\"border-bottom-color:var(--wp--preset--color--accent-4);border-bottom-width:1px;font-style:normal;font-weight:400;text-transform:uppercase\">Bio<\/p>\n\n\n\n<div class=\"wp-block-columns is-layout-flex wp-container-core-columns-is-layout-28f84493 wp-block-columns-is-layout-flex\">\n<div class=\"wp-block-column is-layout-flow wp-block-column-is-layout-flow\" style=\"flex-basis:33.33%\">\n<figure class=\"wp-block-image size-large\"><a href=\"http:\/\/agustinmiguez.com\/wp-content\/uploads\/2025\/12\/ANM_v-scaled.png\"><img loading=\"lazy\" decoding=\"async\" width=\"665\" height=\"1024\" src=\"http:\/\/agustinmiguez.com\/wp-content\/uploads\/2025\/12\/ANM_v-665x1024.png\" alt=\"\" class=\"wp-image-619\" srcset=\"https:\/\/agustinmiguez.com\/wp-content\/uploads\/2025\/12\/ANM_v-665x1024.png 665w, https:\/\/agustinmiguez.com\/wp-content\/uploads\/2025\/12\/ANM_v-195x300.png 195w, https:\/\/agustinmiguez.com\/wp-content\/uploads\/2025\/12\/ANM_v-768x1182.png 768w, https:\/\/agustinmiguez.com\/wp-content\/uploads\/2025\/12\/ANM_v-998x1536.png 998w, https:\/\/agustinmiguez.com\/wp-content\/uploads\/2025\/12\/ANM_v-1330x2048.png 1330w, https:\/\/agustinmiguez.com\/wp-content\/uploads\/2025\/12\/ANM_v-scaled.png 1663w\" sizes=\"auto, (max-width: 665px) 100vw, 665px\" \/><\/a><\/figure>\n<\/div>\n\n\n\n<div class=\"wp-block-column is-layout-flow wp-block-column-is-layout-flow\" style=\"flex-basis:66.66%\">\n<p class=\"has-medium-font-size\" style=\"font-style:normal;font-weight:400;line-height:1.5\"><strong>Agust\u00edn M\u00edguez<\/strong> (Santa Fe, Argentina, 1988). He studied Architecture and Economics at the National University of the Littoral. In 2024, he completed the Program for Artists at Torcuato Di Tella University. He complemented his academic training in Arts with a scholarship from AUGM at the University of the Republic (Uruguay) and in advanced programs alongside artists such as Cintia Clara Romero, Maximiliano Peralta Rodr\u00edguez, Fernando L\u00f3pez Lage, Daniel Canogar, and Rafael Lozano-Hemmer, among others.<\/p>\n\n\n\n<p class=\"has-medium-font-size\" style=\"font-style:normal;font-weight:400;line-height:1.5\">He exhibited his work in institutions and venues in Argentina, Uruguay, Spain, and the United States, including the Kirchner Cultural Center (CCK), Xposed Gallery (New York), the Recoleta Cultural Center, the Museum of Contemporary Art of Rosario (Castagnino+Macro), and the Bilbao Arte Foundation. Among his notable participations are the exhibition <em>This is my place<\/em> (2024) and the 76th National Salon of Rosario (2023).<\/p>\n\n\n\n<p class=\"has-medium-font-size\" style=\"font-style:normal;font-weight:400;line-height:1.5\">He was awarded the MediaLab Prize by the Spanish Cultural Center in Buenos Aires (2022) and received the Creation Grant from the National Arts Fund, the Hybrid Grant, and support from the Andreani Foundation and the Bunge y Born Foundation, among others. He participated in residency programs such as Coordenadas and Curadora. Between 2018 and 2022, he coordinated the management and training platform Proyecto Trucha.<\/p>\n<\/div>\n<\/div>\n<\/div>","protected":false},"excerpt":{"rendered":"<p>Bio Agust\u00edn M\u00edguez (Santa Fe, Argentina, 1988). He studied Architecture and Economics at the National University of the Littoral. In 2024, he completed the Program for Artists at Torcuato Di Tella University. He complemented his academic training in Arts with a scholarship from AUGM at the University of the Republic (Uruguay) and in advanced programs alongside [\u2026]<\/p>","protected":false},"author":2,"featured_media":0,"parent":0,"menu_order":0,"comment_status":"closed","ping_status":"closed","template":"","meta":{"_acf_changed":false,"footnotes":""},"class_list":["post-613","page","type-page","status-publish","hentry"],"mb":[],"acf":[],"yoast_head":"<!-- This site is optimized with the Yoast SEO plugin v26.8 - https:\/\/yoast.com\/product\/yoast-seo-wordpress\/ -->\n<title>Bio | Agust\u00edn Miguez<\/title>\n<meta name=\"robots\" content=\"index, follow, max-snippet:-1, max-image-preview:large, max-video-preview:-1\" \/>\n<link rel=\"canonical\" href=\"http:\/\/agustinmiguez.com\/en\/bio\/\" \/>\n<meta property=\"og:locale\" content=\"en_US\" \/>\n<meta property=\"og:type\" content=\"article\" \/>\n<meta property=\"og:title\" content=\"Bio | Agust\u00edn Miguez\" \/>\n<meta property=\"og:description\" content=\"Bio Agust\u00edn M\u00edguez (Santa Fe, Argentina, 1988). Estudi\u00f3 Arquitectura y Econom\u00eda en la Universidad Nacional del Litoral. En 2024 curs\u00f3 el Programa para Artistas de la Universidad Torcuato Di Tella. Complement\u00f3 su formaci\u00f3n acad\u00e9mica en Artes con una beca de la AUGM en la Universidad de la Rep\u00fablica (Uruguay) y en programas de perfeccionamiento junto [&hellip;]\" \/>\n<meta property=\"og:url\" content=\"http:\/\/agustinmiguez.com\/en\/bio\/\" \/>\n<meta property=\"og:site_name\" content=\"Agust\u00edn Miguez\" \/>\n<meta property=\"article:modified_time\" content=\"2025-12-11T02:27:22+00:00\" \/>\n<meta property=\"og:image\" content=\"http:\/\/agustinmiguez.com\/wp-content\/uploads\/2025\/12\/ANM_v-665x1024.png\" \/>\n<meta name=\"twitter:card\" content=\"summary_large_image\" \/>\n<meta name=\"twitter:site\" content=\"@Satelital\" \/>\n<meta name=\"twitter:label1\" content=\"Est. reading time\" \/>\n\t<meta name=\"twitter:data1\" content=\"1 minute\" \/>\n<script type=\"application\/ld+json\" class=\"yoast-schema-graph\">{\"@context\":\"https:\/\/schema.org\",\"@graph\":[{\"@type\":\"WebPage\",\"@id\":\"http:\/\/agustinmiguez.com\/bio\/\",\"url\":\"http:\/\/agustinmiguez.com\/bio\/\",\"name\":\"Bio | Agust\u00edn Miguez\",\"isPartOf\":{\"@id\":\"http:\/\/agustinmiguez.com\/#website\"},\"primaryImageOfPage\":{\"@id\":\"http:\/\/agustinmiguez.com\/bio\/#primaryimage\"},\"image\":{\"@id\":\"http:\/\/agustinmiguez.com\/bio\/#primaryimage\"},\"thumbnailUrl\":\"http:\/\/agustinmiguez.com\/wp-content\/uploads\/2025\/12\/ANM_v-665x1024.png\",\"datePublished\":\"2025-12-11T01:12:12+00:00\",\"dateModified\":\"2025-12-11T02:27:22+00:00\",\"breadcrumb\":{\"@id\":\"http:\/\/agustinmiguez.com\/bio\/#breadcrumb\"},\"inLanguage\":\"en-US\",\"potentialAction\":[{\"@type\":\"ReadAction\",\"target\":[\"http:\/\/agustinmiguez.com\/bio\/\"]}]},{\"@type\":\"ImageObject\",\"inLanguage\":\"en-US\",\"@id\":\"http:\/\/agustinmiguez.com\/bio\/#primaryimage\",\"url\":\"http:\/\/agustinmiguez.com\/wp-content\/uploads\/2025\/12\/ANM_v-665x1024.png\",\"contentUrl\":\"http:\/\/agustinmiguez.com\/wp-content\/uploads\/2025\/12\/ANM_v-665x1024.png\"},{\"@type\":\"BreadcrumbList\",\"@id\":\"http:\/\/agustinmiguez.com\/bio\/#breadcrumb\",\"itemListElement\":[{\"@type\":\"ListItem\",\"position\":1,\"name\":\"Portada\",\"item\":\"http:\/\/agustinmiguez.com\/\"},{\"@type\":\"ListItem\",\"position\":2,\"name\":\"Bio\"}]},{\"@type\":\"WebSite\",\"@id\":\"http:\/\/agustinmiguez.com\/#website\",\"url\":\"http:\/\/agustinmiguez.com\/\",\"name\":\"Agust\u00edn Miguez - Artista\",\"description\":\"Agust\u00edn M\u00edguez. Artista argentino. Sus pr\u00e1cticas incluyen animaci\u00f3n digital, pinura, videojuegos, dibujos VR fotograf\u00eda y CGI, entre otros.\",\"publisher\":{\"@id\":\"http:\/\/agustinmiguez.com\/#\/schema\/person\/8586ab2f2032f54fd3ebd2a53ca74fe7\"},\"alternateName\":\"Agust\u00edn Miguez\",\"potentialAction\":[{\"@type\":\"SearchAction\",\"target\":{\"@type\":\"EntryPoint\",\"urlTemplate\":\"http:\/\/agustinmiguez.com\/?s={search_term_string}\"},\"query-input\":{\"@type\":\"PropertyValueSpecification\",\"valueRequired\":true,\"valueName\":\"search_term_string\"}}],\"inLanguage\":\"en-US\"},{\"@type\":[\"Person\",\"Organization\"],\"@id\":\"http:\/\/agustinmiguez.com\/#\/schema\/person\/8586ab2f2032f54fd3ebd2a53ca74fe7\",\"name\":\"Agust\u00edn Miguez\",\"pronouns\":\"He\",\"image\":{\"@type\":\"ImageObject\",\"inLanguage\":\"en-US\",\"@id\":\"http:\/\/agustinmiguez.com\/#\/schema\/person\/image\/\",\"url\":\"http:\/\/agustinmiguez.com\/wp-content\/uploads\/2025\/12\/cropped-613455ef-646e-4eb2-8b17-f2b43fc8b38b_rwc_0x0x1366x768x1366.jpg\",\"contentUrl\":\"http:\/\/agustinmiguez.com\/wp-content\/uploads\/2025\/12\/cropped-613455ef-646e-4eb2-8b17-f2b43fc8b38b_rwc_0x0x1366x768x1366.jpg\",\"width\":512,\"height\":512,\"caption\":\"Agust\u00edn Miguez\"},\"logo\":{\"@id\":\"http:\/\/agustinmiguez.com\/#\/schema\/person\/image\/\"},\"description\":\"Agust\u00edn M\u00edguez, artista visual argentino. Videoensayo, 3D y ficciones especulativas que remixan mitos del Litoral, arquitectura y tecnolog\u00eda.\",\"sameAs\":[\"http:\/\/agustinmiguez.com\",\"instagram.com\/satelital\",\"https:\/\/x.com\/Satelital\"]}]}<\/script>\n<!-- \/ Yoast SEO plugin. -->","yoast_head_json":{"title":"Bio | Agust\u00edn Miguez","robots":{"index":"index","follow":"follow","max-snippet":"max-snippet:-1","max-image-preview":"max-image-preview:large","max-video-preview":"max-video-preview:-1"},"canonical":"http:\/\/agustinmiguez.com\/en\/bio\/","og_locale":"en_US","og_type":"article","og_title":"Bio | Agust\u00edn Miguez","og_description":"Bio Agust\u00edn M\u00edguez (Santa Fe, Argentina, 1988). Estudi\u00f3 Arquitectura y Econom\u00eda en la Universidad Nacional del Litoral. En 2024 curs\u00f3 el Programa para Artistas de la Universidad Torcuato Di Tella. Complement\u00f3 su formaci\u00f3n acad\u00e9mica en Artes con una beca de la AUGM en la Universidad de la Rep\u00fablica (Uruguay) y en programas de perfeccionamiento junto [&hellip;]","og_url":"http:\/\/agustinmiguez.com\/en\/bio\/","og_site_name":"Agust\u00edn Miguez","article_modified_time":"2025-12-11T02:27:22+00:00","og_image":[{"url":"http:\/\/agustinmiguez.com\/wp-content\/uploads\/2025\/12\/ANM_v-665x1024.png","type":"","width":"","height":""}],"twitter_card":"summary_large_image","twitter_site":"@Satelital","twitter_misc":{"Est. reading time":"1 minute"},"schema":{"@context":"https:\/\/schema.org","@graph":[{"@type":"WebPage","@id":"http:\/\/agustinmiguez.com\/bio\/","url":"http:\/\/agustinmiguez.com\/bio\/","name":"Bio | Agust\u00edn Miguez","isPartOf":{"@id":"http:\/\/agustinmiguez.com\/#website"},"primaryImageOfPage":{"@id":"http:\/\/agustinmiguez.com\/bio\/#primaryimage"},"image":{"@id":"http:\/\/agustinmiguez.com\/bio\/#primaryimage"},"thumbnailUrl":"http:\/\/agustinmiguez.com\/wp-content\/uploads\/2025\/12\/ANM_v-665x1024.png","datePublished":"2025-12-11T01:12:12+00:00","dateModified":"2025-12-11T02:27:22+00:00","breadcrumb":{"@id":"http:\/\/agustinmiguez.com\/bio\/#breadcrumb"},"inLanguage":"en-US","potentialAction":[{"@type":"ReadAction","target":["http:\/\/agustinmiguez.com\/bio\/"]}]},{"@type":"ImageObject","inLanguage":"en-US","@id":"http:\/\/agustinmiguez.com\/bio\/#primaryimage","url":"http:\/\/agustinmiguez.com\/wp-content\/uploads\/2025\/12\/ANM_v-665x1024.png","contentUrl":"http:\/\/agustinmiguez.com\/wp-content\/uploads\/2025\/12\/ANM_v-665x1024.png"},{"@type":"BreadcrumbList","@id":"http:\/\/agustinmiguez.com\/bio\/#breadcrumb","itemListElement":[{"@type":"ListItem","position":1,"name":"Portada","item":"http:\/\/agustinmiguez.com\/"},{"@type":"ListItem","position":2,"name":"Bio"}]},{"@type":"WebSite","@id":"http:\/\/agustinmiguez.com\/#website","url":"http:\/\/agustinmiguez.com\/","name":"Agust\u00edn Miguez - Artist","description":"Agust\u00edn M\u00edguez. Argentine artist. His practices include digital animation, painting, video games, VR drawings, photography, and CGI, among others.","publisher":{"@id":"http:\/\/agustinmiguez.com\/#\/schema\/person\/8586ab2f2032f54fd3ebd2a53ca74fe7"},"alternateName":"Agust\u00edn Miguez","potentialAction":[{"@type":"SearchAction","target":{"@type":"EntryPoint","urlTemplate":"http:\/\/agustinmiguez.com\/?s={search_term_string}"},"query-input":{"@type":"PropertyValueSpecification","valueRequired":true,"valueName":"search_term_string"}}],"inLanguage":"en-US"},{"@type":["Person","Organization"],"@id":"http:\/\/agustinmiguez.com\/#\/schema\/person\/8586ab2f2032f54fd3ebd2a53ca74fe7","name":"Agustin Miguez","pronouns":"He","image":{"@type":"ImageObject","inLanguage":"en-US","@id":"http:\/\/agustinmiguez.com\/#\/schema\/person\/image\/","url":"http:\/\/agustinmiguez.com\/wp-content\/uploads\/2025\/12\/cropped-613455ef-646e-4eb2-8b17-f2b43fc8b38b_rwc_0x0x1366x768x1366.jpg","contentUrl":"http:\/\/agustinmiguez.com\/wp-content\/uploads\/2025\/12\/cropped-613455ef-646e-4eb2-8b17-f2b43fc8b38b_rwc_0x0x1366x768x1366.jpg","width":512,"height":512,"caption":"Agust\u00edn Miguez"},"logo":{"@id":"http:\/\/agustinmiguez.com\/#\/schema\/person\/image\/"},"description":"Agust\u00edn M\u00edguez, Argentine visual artist. Video essays, 3D, and speculative fiction that remix myths of the Litoral region, architecture, and technology.","sameAs":["http:\/\/agustinmiguez.com","instagram.com\/satelital","https:\/\/x.com\/Satelital"]}]}},"mfb_rest_fields":["title","yoast_head","yoast_head_json"],"_links":{"self":[{"href":"https:\/\/agustinmiguez.com\/en\/wp-json\/wp\/v2\/pages\/613","targetHints":{"allow":["GET"]}}],"collection":[{"href":"https:\/\/agustinmiguez.com\/en\/wp-json\/wp\/v2\/pages"}],"about":[{"href":"https:\/\/agustinmiguez.com\/en\/wp-json\/wp\/v2\/types\/page"}],"author":[{"embeddable":true,"href":"https:\/\/agustinmiguez.com\/en\/wp-json\/wp\/v2\/users\/2"}],"replies":[{"embeddable":true,"href":"https:\/\/agustinmiguez.com\/en\/wp-json\/wp\/v2\/comments?post=613"}],"version-history":[{"count":7,"href":"https:\/\/agustinmiguez.com\/en\/wp-json\/wp\/v2\/pages\/613\/revisions"}],"predecessor-version":[{"id":733,"href":"https:\/\/agustinmiguez.com\/en\/wp-json\/wp\/v2\/pages\/613\/revisions\/733"}],"wp:attachment":[{"href":"https:\/\/agustinmiguez.com\/en\/wp-json\/wp\/v2\/media?parent=613"}],"curies":[{"name":"wp","href":"https:\/\/api.w.org\/{rel}","templated":true}]}}